{"id":15138,"date":"2018-03-01T23:28:39","date_gmt":"2018-03-01T22:28:39","guid":{"rendered":"https:\/\/www.visualexchange.eu\/?page_id=15138"},"modified":"2026-04-17T14:41:04","modified_gmt":"2026-04-17T12:41:04","slug":"contact","status":"publish","type":"page","link":"https:\/\/www.visualexchange.eu\/fr\/contact\/","title":{"rendered":"Contact"},"content":{"rendered":"<div class=\"wpb-content-wrapper\"><p>[vc_row type=\u00a0\u00bbvc_default\u00a0\u00bb full_width=\u00a0\u00bbstretch_row\u00a0\u00bb full_height=\u00a0\u00bbyes\u00a0\u00bb content_placement=\u00a0\u00bbmiddle\u00a0\u00bb awb_type=\u00a0\u00bbyt_vm_video\u00a0\u00bb awb_video=\u00a0\u00bbhttps:\/\/youtu.be\/9Ac-4UCd96w\u00a0\u00bb awb_color=\u00a0\u00bbrgba(0,0,0,0.5)\u00a0\u00bb css=\u00a0\u00bb.vc_custom_1683655287611{margin-top: 0px !important;margin-bottom: 0px !important;}\u00a0\u00bb][vc_column width=\u00a0\u00bb1\/2&Prime;][vc_empty_space height=\u00a0\u00bb120&Prime;]<div id=\"ultimate-heading-16756a0489800dbf8\" class=\"uvc-heading ult-adjust-bottom-margin ultimate-heading-16756a0489800dbf8 uvc-7611  uvc-heading-default-font-sizes\" data-hspacer=\"no_spacer\"  data-halign=\"center\" style=\"text-align:center\"><div class=\"uvc-heading-spacer no_spacer\" style=\"top\"><\/div><div class=\"uvc-main-heading ult-responsive\"  data-ultimate-target='.uvc-heading.ultimate-heading-16756a0489800dbf8 h1'  data-responsive-json-new='{\"font-size\":\"\",\"line-height\":\"\"}' ><h1 style=\"--font-weight:theme;\">Contactez-nous<\/h1><\/div><\/div>[vc_empty_space height=\u00a0\u00bb48&Prime;][vc_column_text css=\u00a0\u00bb\u00a0\u00bb]<\/p>\n<p style=\"text-align: center;\">Vous souhaitez collaborer, organiser un atelier, int\u00e9grer nos m\u00e9thodes dans un projet, ou vous former \u00e0 celles-ci ?<\/p>\n<p style=\"text-align: center;\">Visual Exchange accompagne des organisations, institutions de recherche, \u00e9quipes de terrain, collectifs et individus de tous horizons, \u00e0 travers des d\u00e9marches cr\u00e9atives et participatives.<\/p>\n<p style=\"text-align: center;\">Nos intervenons pour renforcer les capacit\u00e9s et la r\u00e9silience, soutenir la transformation sociale, ou encore guider les processus de participation et de cr\u00e9ation collective. Nos actions peuvent aussi prendre la forme d\u2019un accompagnement artistique, notamment dans le champ du cin\u00e9ma documentaire.<\/p>\n<p>[\/vc_column_text][vc_empty_space height=\u00a0\u00bb64&Prime;][vc_column_text css=\u00a0\u00bb\u00a0\u00bb]<\/p>\n<p style=\"text-align: center;\"><strong>Adresse du si\u00e8ge :<\/strong><\/p>\n<p style=\"text-align: center;\">Visual Exchange<br \/>\nAvenue Alice et William Favre 38<br \/>\n1207 Geneva<br \/>\nSwitzerland<\/p>\n<p style=\"text-align: center;\">Email: <a href=\"mailto:contact@visualexchange.eu\">contact@visualexchange.eu<\/a><br \/>\nPhone: +41 767 25 43 31<\/p>\n<p>[\/vc_column_text][\/vc_column][vc_column width=\u00a0\u00bb1\/2&Prime;][vc_empty_space]\n<div class=\"wpcf7 no-js\" id=\"wpcf7-f7-o1\" lang=\"fr-FR\" dir=\"ltr\" data-wpcf7-id=\"7\">\n<div class=\"screen-reader-response\"><p role=\"status\" aria-live=\"polite\" aria-atomic=\"true\"><\/p> <ul><\/ul><\/div>\n<form action=\"\/fr\/wp-json\/wp\/v2\/pages\/15138#wpcf7-f7-o1\" method=\"post\" class=\"wpcf7-form init\" aria-label=\"Formulaire de contact\" novalidate=\"novalidate\" data-status=\"init\">\n<fieldset class=\"hidden-fields-container\"><input type=\"hidden\" name=\"_wpcf7\" value=\"7\" \/><input type=\"hidden\" name=\"_wpcf7_version\" value=\"6.1.5\" \/><input type=\"hidden\" name=\"_wpcf7_locale\" value=\"fr_FR\" \/><input type=\"hidden\" name=\"_wpcf7_unit_tag\" value=\"wpcf7-f7-o1\" \/><input type=\"hidden\" name=\"_wpcf7_container_post\" value=\"0\" \/><input type=\"hidden\" name=\"_wpcf7_posted_data_hash\" value=\"\" \/>\n<\/fieldset>\n<p><label> Votre Nom *<br \/>\n<span class=\"wpcf7-form-control-wrap\" data-name=\"Votre-nom\"><input size=\"40\" maxlength=\"400\" class=\"wpcf7-form-control wpcf7-text wpcf7-validates-as-required\" aria-required=\"true\" aria-invalid=\"false\" value=\"\" type=\"text\" name=\"Votre-nom\" \/><\/span> <\/label>\n<\/p>\n<p><label> Votre Email *<br \/>\n<span class=\"wpcf7-form-control-wrap\" data-name=\"votre-email\"><input size=\"40\" maxlength=\"400\" class=\"wpcf7-form-control wpcf7-email wpcf7-validates-as-required wpcf7-text wpcf7-validates-as-email\" aria-required=\"true\" aria-invalid=\"false\" value=\"\" type=\"email\" name=\"votre-email\" \/><\/span> <\/label>\n<\/p>\n<p><label> Sujet *<br \/>\n<span class=\"wpcf7-form-control-wrap\" data-name=\"your-subject\"><input size=\"40\" maxlength=\"400\" class=\"wpcf7-form-control wpcf7-text wpcf7-validates-as-required\" aria-required=\"true\" aria-invalid=\"false\" value=\"\" type=\"text\" name=\"your-subject\" \/><\/span> <\/label>\n<\/p>\n<p><label> Votre Message<br \/>\n<span class=\"wpcf7-form-control-wrap\" data-name=\"your-message\"><textarea cols=\"40\" rows=\"10\" maxlength=\"2000\" class=\"wpcf7-form-control wpcf7-textarea\" aria-invalid=\"false\" name=\"your-message\"><\/textarea><\/span> <\/label>\n<\/p>\n<p><span class=\"wpcf7-form-control-wrap\" data-name=\"hcap-cf7\">\t\t<input\n\t\t\t\ttype=\"hidden\"\n\t\t\t\tclass=\"hcaptcha-widget-id\"\n\t\t\t\tname=\"hcaptcha-widget-id\"\n\t\t\t\tvalue=\"eyJzb3VyY2UiOlsiY29udGFjdC1mb3JtLTdcL3dwLWNvbnRhY3QtZm9ybS03LnBocCJdLCJmb3JtX2lkIjo3fQ==-e9699177108886333924dcfd9319c91b\">\n\t\t\t\t<span id=\"hcap_cf7-6a0489800f85b0.24954256\" class=\"wpcf7-form-control h-captcha \"\n\t\t\tdata-sitekey=\"7978d082-c182-4092-be2c-3824c726154a\"\n\t\t\tdata-theme=\"dark\"\n\t\t\tdata-size=\"normal\"\n\t\t\tdata-auto=\"false\"\n\t\t\tdata-ajax=\"false\"\n\t\t\tdata-force=\"true\">\n\t\t<\/span>\n\t\t<input type=\"hidden\" id=\"_wpnonce\" name=\"_wpnonce\" value=\"a0a1421e75\" \/><input type=\"hidden\" name=\"_wp_http_referer\" value=\"\/fr\/wp-json\/wp\/v2\/pages\/15138\" \/><\/span><input class=\"wpcf7-form-control wpcf7-submit has-spinner\" type=\"submit\" value=\"Envoyer\" \/>\n<\/p><div class=\"wpcf7-response-output\" aria-hidden=\"true\"><\/div>\n<\/form>\n<\/div>\n[vc_column_text css=\u00a0\u00bb.vc_custom_1528189270023{margin-top: -60px !important;}\u00a0\u00bb]<\/p>\n<p style=\"text-align: right;\">* Champs requis<\/p>\n<p>[\/vc_column_text][vc_empty_space][\/vc_column][\/vc_row]<\/p>\n<\/div>","protected":false},"excerpt":{"rendered":"<p>[vc_row type=\u00a0\u00bbvc_default\u00a0\u00bb full_width=\u00a0\u00bbstretch_row\u00a0\u00bb full_height=\u00a0\u00bbyes\u00a0\u00bb content_placement=\u00a0\u00bbmiddle\u00a0\u00bb awb_type=\u00a0\u00bbyt_vm_video\u00a0\u00bb awb_video=\u00a0\u00bbhttps:\/\/youtu.be\/9Ac-4UCd96w\u00a0\u00bb awb_color=\u00a0\u00bbrgba(0,0,0,0.5)\u00a0\u00bb css=\u00a0\u00bb.vc_custom_1683655287611{margin-top: 0px !important;margin-bottom: 0px !important;}\u00a0\u00bb][vc_column width=\u00a0\u00bb1\/2&Prime;][vc_empty_space height=\u00a0\u00bb120&Prime;][vc_empty_space height=\u00a0\u00bb48&Prime;][vc_column_text css=\u00a0\u00bb\u00a0\u00bb] Vous souhaitez collaborer, organiser un atelier, int\u00e9grer nos m\u00e9thodes dans un projet, ou vous former \u00e0 celles-ci ? Visual Exchange accompagne des organisations, institutions de recherche, \u00e9quipes de terrain, collectifs et individus de tous horizons, \u00e0 travers des&hellip;<\/p>\n","protected":false},"author":4,"featured_media":0,"parent":0,"menu_order":0,"comment_status":"closed","ping_status":"closed","template":"template-microsite.php","meta":{"_acf_changed":false,"footnotes":""},"class_list":["post-15138","page","type-page","status-publish","hentry","description-off"],"acf":[],"yoast_head":"<!-- This site is optimized with the Yoast SEO plugin v27.6 - https:\/\/yoast.com\/product\/yoast-seo-wordpress\/ -->\n<title>Contactez Visual Exchange<\/title>\n<meta name=\"description\" content=\"Vous avez un projet de recherche-action participative, d&#039;atelier ou de formation \u00e0 nos m\u00e9thodes ? Contactez l&#039;\u00e9quipe de Visual Exchange ici\" \/>\n<meta name=\"robots\" content=\"index, follow, max-snippet:-1, max-image-preview:large, max-video-preview:-1\" \/>\n<link rel=\"canonical\" href=\"https:\/\/www.visualexchange.eu\/fr\/contact\/\" \/>\n<meta property=\"og:locale\" content=\"fr_FR\" \/>\n<meta property=\"og:type\" content=\"article\" \/>\n<meta property=\"og:title\" content=\"Contactez Visual Exchange\" \/>\n<meta property=\"og:description\" content=\"Vous avez un projet de recherche-action participative, d&#039;atelier ou de formation \u00e0 nos m\u00e9thodes ? Contactez l&#039;\u00e9quipe de Visual Exchange ici\" \/>\n<meta property=\"og:url\" content=\"https:\/\/www.visualexchange.eu\/fr\/contact\/\" \/>\n<meta property=\"og:site_name\" content=\"Visual Exchange\" \/>\n<meta property=\"article:modified_time\" content=\"2026-04-17T12:41:04+00:00\" \/>\n<meta name=\"twitter:label1\" content=\"Dur\u00e9e de lecture estim\u00e9e\" \/>\n\t<meta name=\"twitter:data1\" content=\"1 minute\" \/>\n<script type=\"application\/ld+json\" class=\"yoast-schema-graph\">{\"@context\":\"https:\\\/\\\/schema.org\",\"@graph\":[{\"@type\":\"WebPage\",\"@id\":\"https:\\\/\\\/www.visualexchange.eu\\\/fr\\\/contact\\\/\",\"url\":\"https:\\\/\\\/www.visualexchange.eu\\\/fr\\\/contact\\\/\",\"name\":\"Contactez Visual Exchange\",\"isPartOf\":{\"@id\":\"https:\\\/\\\/www.visualexchange.eu\\\/fr\\\/#website\"},\"datePublished\":\"2018-03-01T22:28:39+00:00\",\"dateModified\":\"2026-04-17T12:41:04+00:00\",\"description\":\"Vous avez un projet de recherche-action participative, d'atelier ou de formation \u00e0 nos m\u00e9thodes ? Contactez l'\u00e9quipe de Visual Exchange ici\",\"breadcrumb\":{\"@id\":\"https:\\\/\\\/www.visualexchange.eu\\\/fr\\\/contact\\\/#breadcrumb\"},\"inLanguage\":\"fr-FR\",\"potentialAction\":[{\"@type\":\"ReadAction\",\"target\":[\"https:\\\/\\\/www.visualexchange.eu\\\/fr\\\/contact\\\/\"]}]},{\"@type\":\"BreadcrumbList\",\"@id\":\"https:\\\/\\\/www.visualexchange.eu\\\/fr\\\/contact\\\/#breadcrumb\",\"itemListElement\":[{\"@type\":\"ListItem\",\"position\":1,\"name\":\"Accueil\",\"item\":\"https:\\\/\\\/www.visualexchange.eu\\\/fr\\\/\"},{\"@type\":\"ListItem\",\"position\":2,\"name\":\"Contact\"}]},{\"@type\":\"WebSite\",\"@id\":\"https:\\\/\\\/www.visualexchange.eu\\\/fr\\\/#website\",\"url\":\"https:\\\/\\\/www.visualexchange.eu\\\/fr\\\/\",\"name\":\"Visual Exchange\",\"description\":\"\",\"publisher\":{\"@id\":\"https:\\\/\\\/www.visualexchange.eu\\\/fr\\\/#organization\"},\"potentialAction\":[{\"@type\":\"SearchAction\",\"target\":{\"@type\":\"EntryPoint\",\"urlTemplate\":\"https:\\\/\\\/www.visualexchange.eu\\\/fr\\\/?s={search_term_string}\"},\"query-input\":{\"@type\":\"PropertyValueSpecification\",\"valueRequired\":true,\"valueName\":\"search_term_string\"}}],\"inLanguage\":\"fr-FR\"},{\"@type\":\"Organization\",\"@id\":\"https:\\\/\\\/www.visualexchange.eu\\\/fr\\\/#organization\",\"name\":\"Visual Exchange\",\"url\":\"https:\\\/\\\/www.visualexchange.eu\\\/fr\\\/\",\"logo\":{\"@type\":\"ImageObject\",\"inLanguage\":\"fr-FR\",\"@id\":\"https:\\\/\\\/www.visualexchange.eu\\\/fr\\\/#\\\/schema\\\/logo\\\/image\\\/\",\"url\":\"https:\\\/\\\/www.visualexchange.eu\\\/wp-content\\\/uploads\\\/2026\\\/04\\\/VisualExchange_LOGO_Black.png\",\"contentUrl\":\"https:\\\/\\\/www.visualexchange.eu\\\/wp-content\\\/uploads\\\/2026\\\/04\\\/VisualExchange_LOGO_Black.png\",\"width\":2001,\"height\":751,\"caption\":\"Visual Exchange\"},\"image\":{\"@id\":\"https:\\\/\\\/www.visualexchange.eu\\\/fr\\\/#\\\/schema\\\/logo\\\/image\\\/\"},\"sameAs\":[\"https:\\\/\\\/www.linkedin.com\\\/company\\\/visualexchange-eu\\\/\",\"https:\\\/\\\/www.youtube.com\\\/c\\\/VisualExchange\"]}]}<\/script>\n<!-- \/ Yoast SEO plugin. -->","yoast_head_json":{"title":"Contactez Visual Exchange","description":"Vous avez un projet de recherche-action participative, d'atelier ou de formation \u00e0 nos m\u00e9thodes ? Contactez l'\u00e9quipe de Visual Exchange ici","robots":{"index":"index","follow":"follow","max-snippet":"max-snippet:-1","max-image-preview":"max-image-preview:large","max-video-preview":"max-video-preview:-1"},"canonical":"https:\/\/www.visualexchange.eu\/fr\/contact\/","og_locale":"fr_FR","og_type":"article","og_title":"Contactez Visual Exchange","og_description":"Vous avez un projet de recherche-action participative, d'atelier ou de formation \u00e0 nos m\u00e9thodes ? Contactez l'\u00e9quipe de Visual Exchange ici","og_url":"https:\/\/www.visualexchange.eu\/fr\/contact\/","og_site_name":"Visual Exchange","article_modified_time":"2026-04-17T12:41:04+00:00","twitter_misc":{"Dur\u00e9e de lecture estim\u00e9e":"1 minute"},"schema":{"@context":"https:\/\/schema.org","@graph":[{"@type":"WebPage","@id":"https:\/\/www.visualexchange.eu\/fr\/contact\/","url":"https:\/\/www.visualexchange.eu\/fr\/contact\/","name":"Contactez Visual Exchange","isPartOf":{"@id":"https:\/\/www.visualexchange.eu\/fr\/#website"},"datePublished":"2018-03-01T22:28:39+00:00","dateModified":"2026-04-17T12:41:04+00:00","description":"Vous avez un projet de recherche-action participative, d'atelier ou de formation \u00e0 nos m\u00e9thodes ? Contactez l'\u00e9quipe de Visual Exchange ici","breadcrumb":{"@id":"https:\/\/www.visualexchange.eu\/fr\/contact\/#breadcrumb"},"inLanguage":"fr-FR","potentialAction":[{"@type":"ReadAction","target":["https:\/\/www.visualexchange.eu\/fr\/contact\/"]}]},{"@type":"BreadcrumbList","@id":"https:\/\/www.visualexchange.eu\/fr\/contact\/#breadcrumb","itemListElement":[{"@type":"ListItem","position":1,"name":"Accueil","item":"https:\/\/www.visualexchange.eu\/fr\/"},{"@type":"ListItem","position":2,"name":"Contact"}]},{"@type":"WebSite","@id":"https:\/\/www.visualexchange.eu\/fr\/#website","url":"https:\/\/www.visualexchange.eu\/fr\/","name":"Visual Exchange","description":"","publisher":{"@id":"https:\/\/www.visualexchange.eu\/fr\/#organization"},"potentialAction":[{"@type":"SearchAction","target":{"@type":"EntryPoint","urlTemplate":"https:\/\/www.visualexchange.eu\/fr\/?s={search_term_string}"},"query-input":{"@type":"PropertyValueSpecification","valueRequired":true,"valueName":"search_term_string"}}],"inLanguage":"fr-FR"},{"@type":"Organization","@id":"https:\/\/www.visualexchange.eu\/fr\/#organization","name":"Visual Exchange","url":"https:\/\/www.visualexchange.eu\/fr\/","logo":{"@type":"ImageObject","inLanguage":"fr-FR","@id":"https:\/\/www.visualexchange.eu\/fr\/#\/schema\/logo\/image\/","url":"https:\/\/www.visualexchange.eu\/wp-content\/uploads\/2026\/04\/VisualExchange_LOGO_Black.png","contentUrl":"https:\/\/www.visualexchange.eu\/wp-content\/uploads\/2026\/04\/VisualExchange_LOGO_Black.png","width":2001,"height":751,"caption":"Visual Exchange"},"image":{"@id":"https:\/\/www.visualexchange.eu\/fr\/#\/schema\/logo\/image\/"},"sameAs":["https:\/\/www.linkedin.com\/company\/visualexchange-eu\/","https:\/\/www.youtube.com\/c\/VisualExchange"]}]}},"_links":{"self":[{"href":"https:\/\/www.visualexchange.eu\/fr\/wp-json\/wp\/v2\/pages\/15138","targetHints":{"allow":["GET"]}}],"collection":[{"href":"https:\/\/www.visualexchange.eu\/fr\/wp-json\/wp\/v2\/pages"}],"about":[{"href":"https:\/\/www.visualexchange.eu\/fr\/wp-json\/wp\/v2\/types\/page"}],"author":[{"embeddable":true,"href":"https:\/\/www.visualexchange.eu\/fr\/wp-json\/wp\/v2\/users\/4"}],"replies":[{"embeddable":true,"href":"https:\/\/www.visualexchange.eu\/fr\/wp-json\/wp\/v2\/comments?post=15138"}],"version-history":[{"count":26,"href":"https:\/\/www.visualexchange.eu\/fr\/wp-json\/wp\/v2\/pages\/15138\/revisions"}],"predecessor-version":[{"id":20114,"href":"https:\/\/www.visualexchange.eu\/fr\/wp-json\/wp\/v2\/pages\/15138\/revisions\/20114"}],"wp:attachment":[{"href":"https:\/\/www.visualexchange.eu\/fr\/wp-json\/wp\/v2\/media?parent=15138"}],"curies":[{"name":"wp","href":"https:\/\/api.w.org\/{rel}","templated":true}]}}