{"id":15425,"date":"2018-03-04T10:36:24","date_gmt":"2018-03-04T09:36:24","guid":{"rendered":"https:\/\/www.visualexchange.eu\/?page_id=15425"},"modified":"2026-04-17T12:48:41","modified_gmt":"2026-04-17T10:48:41","slug":"about","status":"publish","type":"page","link":"https:\/\/www.visualexchange.eu\/fr\/about\/","title":{"rendered":"A propos"},"content":{"rendered":"<div class=\"wpb-content-wrapper\"><p>[vc_row type=\u00a0\u00bbvc_default\u00a0\u00bb full_width=\u00a0\u00bbstretch_row\u00a0\u00bb full_height=\u00a0\u00bbyes\u00a0\u00bb content_placement=\u00a0\u00bbtop\u00a0\u00bb awb_type=\u00a0\u00bbyt_vm_video\u00a0\u00bb awb_stretch=\u00a0\u00bb1&Prime; awb_video=\u00a0\u00bbhttps:\/\/youtu.be\/kmHvcz60ck4&Prime; awb_color=\u00a0\u00bbrgba(0,0,0,0.5)\u00a0\u00bb css=\u00a0\u00bb.vc_custom_1776363333390{margin-top: 0px !important;margin-bottom: 0px !important;}\u00a0\u00bb awb_video_start_time=\u00a0\u00bb3&Prime;][vc_column width=\u00a0\u00bb1\/2&Prime;][vc_row_inner][vc_column_inner offset=\u00a0\u00bbvc_hidden-xs\u00a0\u00bb][vc_empty_space height=\u00a0\u00bb60&Prime;][\/vc_column_inner][\/vc_row_inner][vc_empty_space height=\u00a0\u00bb120&Prime;]<div id=\"ultimate-heading-139569ff449e22c7f\" class=\"uvc-heading ult-adjust-bottom-margin ultimate-heading-139569ff449e22c7f uvc-5322  uvc-heading-default-font-sizes\" data-hspacer=\"no_spacer\"  data-halign=\"left\" style=\"text-align:left\"><div class=\"uvc-heading-spacer no_spacer\" style=\"top\"><\/div><div class=\"uvc-main-heading ult-responsive\"  data-ultimate-target='.uvc-heading.ultimate-heading-139569ff449e22c7f h1'  data-responsive-json-new='{\"font-size\":\"\",\"line-height\":\"\"}' ><h1 style=\"--font-weight:theme;\">\u00c0 propos<\/h1><\/div><\/div>[vc_empty_space height=\u00a0\u00bb30&Prime;][vc_column_text css=\u00a0\u00bb\u00a0\u00bb]<\/p>\n<p style=\"text-align: justify;\">Depuis 2018, nous renfor\u00e7ons les capacit\u00e9s, l\u2019autonomie et le pouvoir d\u2019agir des communaut\u00e9s, des groupes et des organisations, \u00e0 travers des d\u00e9marches de dialogue fond\u00e9es sur des m\u00e9thodes cr\u00e9atives et participatives dans le cadre de recherches-actions, de formations, d&rsquo;ateliers, ainsi que d&rsquo;actions visant \u00e0 r\u00e9duire les in\u00e9galit\u00e9s d\u2019acc\u00e8s aux savoirs. Nous concevons et mettons en \u0153uvre des projets structur\u00e9s alliant transmission, empowerment et transformation ancr\u00e9e localement dans les domaines du d\u00e9veloppement social, de la culture, de la sant\u00e9 et du d\u00e9veloppement durable. Nous accompagnons \u00e9galement les ONG et les institutions \u00e0 travers des approches ancr\u00e9es dans les r\u00e9alit\u00e9s de terrain, qui permettent d\u2019int\u00e9grer les perspectives des communaut\u00e9s dans les processus d\u00e9cisionnels et renforcent la pertinence, l&rsquo;engagement et la redevabilit\u00e9 des programmes.<\/p>\n<p>[\/vc_column_text][vc_empty_space height=\u00a0\u00bb32&Prime;][vc_separator color=\u00a0\u00bbwhite\u00a0\u00bb align=\u00a0\u00bbalign_left\u00a0\u00bb el_width=\u00a0\u00bb30&Prime; css_animation=\u00a0\u00bbbounceInRight\u00a0\u00bb][vc_empty_space height=\u00a0\u00bb32&Prime;][vc_column_text css_animation=\u00a0\u00bbnone\u00a0\u00bb css=\u00a0\u00bb.vc_custom_1776414271571{border-radius: 3px !important;}\u00a0\u00bb]<\/p>\n<h2 style=\"font-size: 27px;\">Expertise<\/h2>\n<p style=\"text-align: justify;\">Visual Exchange r\u00e9unit des experts en sciences sociales appliqu\u00e9es, en design et des professionnels de l&rsquo;audiovisuel et des arts pour fournir des services de conseil aux organisations. Nous d\u00e9veloppons une approche de recherche-action participative ainsi que des m\u00e9thodes visuelles participatives et d&rsquo;art th\u00e9rapie pour aborder les probl\u00e8mes et promouvoir le changement avec les personnes et les groupes dans leurs domaines. Son fondateur, Federico Varrasso, est anthropologue et r\u00e9alisateur, d&rsquo;abord form\u00e9 en arts visuels et titulaire d&rsquo;une ma\u00eetrise et d&rsquo;un doctorat en sciences humaines et sociales \u00e9tablis par le chercheur et cin\u00e9aste fran\u00e7ais Jean Rouch, et focalis\u00e9 sur une anthropologie visuelle appliqu\u00e9e.<\/p>\n<p>[\/vc_column_text][vc_empty_space height=\u00a0\u00bb20&Prime;][\/vc_column][vc_column width=\u00a0\u00bb1\/2&Prime;][vc_row_inner][vc_column_inner offset=\u00a0\u00bbvc_hidden-xs\u00a0\u00bb][vc_empty_space height=\u00a0\u00bb210&Prime;][\/vc_column_inner][\/vc_row_inner][vc_empty_space height=\u00a0\u00bb48&Prime;][vc_column_text css_animation=\u00a0\u00bbnone\u00a0\u00bb css=\u00a0\u00bb\u00a0\u00bb]<\/p>\n<h2 style=\"font-size: 42px; text-align: left; line-height: 47px;\">Nos principes fondamentaux :<\/h2>\n<p>[\/vc_column_text][vc_empty_space height=\u00a0\u00bb27&Prime;][vc_column_text css_animation=\u00a0\u00bbnone\u00a0\u00bb css=\u00a0\u00bb\u00a0\u00bb]<\/p>\n<h3 style=\"font-size: 27px;\"><em>Changement<\/em><\/h3>\n<p style=\"text-align: justify;\">Les pratiques cr\u00e9atives participatives, visuelles, audiovisuelles ou performatives utilis\u00e9es dans une dynamique d&rsquo;exploration de soi, d&rsquo;un groupe ou d&rsquo;un enjeu, sont des outils tr\u00e8s puissants pour provoquer de nouvelles fa\u00e7ons de penser et d&rsquo;interagir. Parall\u00e8lement au renforcement des capacit\u00e9s, elles ont la facult\u00e9 d&rsquo;amplifier les voix et d&rsquo;impliquer des \u00e9changes de r\u00f4les, de pouvoir et d&rsquo;id\u00e9es, tout en g\u00e9n\u00e9rant des formes, des objets transf\u00e9rables et p\u00e9rennes.<\/p>\n<p>[\/vc_column_text][vc_empty_space height=\u00a0\u00bb20&Prime;][vc_column_text css_animation=\u00a0\u00bbnone\u00a0\u00bb css=\u00a0\u00bb\u00a0\u00bb]<\/p>\n<h3 style=\"font-size: 27px;\"><em>Partage<\/em><\/h3>\n<p style=\"text-align: justify;\">Nous croyons au partage des id\u00e9es et des actions avec les communaut\u00e9s et les individus, quelle que soit leur niveau d&rsquo;\u00e9ducation et leur situation sociale, pour apporter changement et innovation. Nous croyons \u00e9galement en l&rsquo;autonomisation des publics au niveau de la repr\u00e9sentation et de la parole pour le d\u00e9veloppement. C&rsquo;est pourquoi nous nous concentrons principalement sur la cr\u00e9ation participative pour explorer les questions sociales de l&rsquo;int\u00e9rieur, \u00e9valuer et suivre les programmes de d\u00e9veloppement.<\/p>\n<p>[\/vc_column_text][vc_empty_space height=\u00a0\u00bb30&Prime;][\/vc_column][\/vc_row]<\/p>\n<\/div>","protected":false},"excerpt":{"rendered":"<p>[vc_row type=\u00a0\u00bbvc_default\u00a0\u00bb full_width=\u00a0\u00bbstretch_row\u00a0\u00bb full_height=\u00a0\u00bbyes\u00a0\u00bb content_placement=\u00a0\u00bbtop\u00a0\u00bb awb_type=\u00a0\u00bbyt_vm_video\u00a0\u00bb awb_stretch=\u00a0\u00bb1&Prime; awb_video=\u00a0\u00bbhttps:\/\/youtu.be\/kmHvcz60ck4&Prime; awb_color=\u00a0\u00bbrgba(0,0,0,0.5)\u00a0\u00bb css=\u00a0\u00bb.vc_custom_1776363333390{margin-top: 0px !important;margin-bottom: 0px !important;}\u00a0\u00bb awb_video_start_time=\u00a0\u00bb3&Prime;][vc_column width=\u00a0\u00bb1\/2&Prime;][vc_row_inner][vc_column_inner offset=\u00a0\u00bbvc_hidden-xs\u00a0\u00bb][vc_empty_space height=\u00a0\u00bb60&Prime;][\/vc_column_inner][\/vc_row_inner][vc_empty_space height=\u00a0\u00bb120&Prime;][vc_empty_space height=\u00a0\u00bb30&Prime;][vc_column_text css=\u00a0\u00bb\u00a0\u00bb] Depuis 2018, nous renfor\u00e7ons les capacit\u00e9s, l\u2019autonomie et le pouvoir d\u2019agir des communaut\u00e9s, des groupes et des organisations, \u00e0 travers des d\u00e9marches de dialogue fond\u00e9es sur des m\u00e9thodes cr\u00e9atives et participatives dans le cadre&hellip;<\/p>\n","protected":false},"author":4,"featured_media":0,"parent":0,"menu_order":0,"comment_status":"closed","ping_status":"closed","template":"template-microsite.php","meta":{"_acf_changed":false,"footnotes":""},"class_list":["post-15425","page","type-page","status-publish","hentry","description-off"],"acf":[],"yoast_head":"<!-- This site is optimized with the Yoast SEO plugin v27.5 - https:\/\/yoast.com\/product\/yoast-seo-wordpress\/ -->\n<title>\u00c0 propos de Visual Exchange | Cr\u00e9ation participative &amp; recherche-action<\/title>\n<meta name=\"description\" content=\"Depuis 2018, Visual Exchange con\u00e7oit des dispositifs cr\u00e9atifs et participatifs pour renforcer les capacit\u00e9s et accompagner ONG et institutions\" \/>\n<meta name=\"robots\" content=\"index, follow, max-snippet:-1, max-image-preview:large, max-video-preview:-1\" \/>\n<link rel=\"canonical\" href=\"https:\/\/www.visualexchange.eu\/fr\/about\/\" \/>\n<meta property=\"og:locale\" content=\"fr_FR\" \/>\n<meta property=\"og:type\" content=\"article\" \/>\n<meta property=\"og:title\" content=\"\u00c0 propos de Visual Exchange | Cr\u00e9ation participative &amp; recherche-action\" \/>\n<meta property=\"og:description\" content=\"Depuis 2018, Visual Exchange con\u00e7oit des dispositifs cr\u00e9atifs et participatifs pour renforcer les capacit\u00e9s et accompagner ONG et institutions\" \/>\n<meta property=\"og:url\" content=\"https:\/\/www.visualexchange.eu\/fr\/about\/\" \/>\n<meta property=\"og:site_name\" content=\"Visual Exchange\" \/>\n<meta property=\"article:modified_time\" content=\"2026-04-17T10:48:41+00:00\" \/>\n<meta name=\"twitter:label1\" content=\"Dur\u00e9e de lecture estim\u00e9e\" \/>\n\t<meta name=\"twitter:data1\" content=\"3 minutes\" \/>\n<script type=\"application\/ld+json\" class=\"yoast-schema-graph\">{\"@context\":\"https:\\\/\\\/schema.org\",\"@graph\":[{\"@type\":\"WebPage\",\"@id\":\"https:\\\/\\\/www.visualexchange.eu\\\/fr\\\/about\\\/\",\"url\":\"https:\\\/\\\/www.visualexchange.eu\\\/fr\\\/about\\\/\",\"name\":\"\u00c0 propos de Visual Exchange | Cr\u00e9ation participative & recherche-action\",\"isPartOf\":{\"@id\":\"https:\\\/\\\/www.visualexchange.eu\\\/fr\\\/#website\"},\"datePublished\":\"2018-03-04T09:36:24+00:00\",\"dateModified\":\"2026-04-17T10:48:41+00:00\",\"description\":\"Depuis 2018, Visual Exchange con\u00e7oit des dispositifs cr\u00e9atifs et participatifs pour renforcer les capacit\u00e9s et accompagner ONG et institutions\",\"breadcrumb\":{\"@id\":\"https:\\\/\\\/www.visualexchange.eu\\\/fr\\\/about\\\/#breadcrumb\"},\"inLanguage\":\"fr-FR\",\"potentialAction\":[{\"@type\":\"ReadAction\",\"target\":[\"https:\\\/\\\/www.visualexchange.eu\\\/fr\\\/about\\\/\"]}]},{\"@type\":\"BreadcrumbList\",\"@id\":\"https:\\\/\\\/www.visualexchange.eu\\\/fr\\\/about\\\/#breadcrumb\",\"itemListElement\":[{\"@type\":\"ListItem\",\"position\":1,\"name\":\"Accueil\",\"item\":\"https:\\\/\\\/www.visualexchange.eu\\\/fr\\\/\"},{\"@type\":\"ListItem\",\"position\":2,\"name\":\"A propos\"}]},{\"@type\":\"WebSite\",\"@id\":\"https:\\\/\\\/www.visualexchange.eu\\\/fr\\\/#website\",\"url\":\"https:\\\/\\\/www.visualexchange.eu\\\/fr\\\/\",\"name\":\"Visual Exchange\",\"description\":\"\",\"publisher\":{\"@id\":\"https:\\\/\\\/www.visualexchange.eu\\\/fr\\\/#organization\"},\"potentialAction\":[{\"@type\":\"SearchAction\",\"target\":{\"@type\":\"EntryPoint\",\"urlTemplate\":\"https:\\\/\\\/www.visualexchange.eu\\\/fr\\\/?s={search_term_string}\"},\"query-input\":{\"@type\":\"PropertyValueSpecification\",\"valueRequired\":true,\"valueName\":\"search_term_string\"}}],\"inLanguage\":\"fr-FR\"},{\"@type\":\"Organization\",\"@id\":\"https:\\\/\\\/www.visualexchange.eu\\\/fr\\\/#organization\",\"name\":\"Visual Exchange\",\"url\":\"https:\\\/\\\/www.visualexchange.eu\\\/fr\\\/\",\"logo\":{\"@type\":\"ImageObject\",\"inLanguage\":\"fr-FR\",\"@id\":\"https:\\\/\\\/www.visualexchange.eu\\\/fr\\\/#\\\/schema\\\/logo\\\/image\\\/\",\"url\":\"https:\\\/\\\/www.visualexchange.eu\\\/wp-content\\\/uploads\\\/2026\\\/04\\\/VisualExchange_LOGO_Black.png\",\"contentUrl\":\"https:\\\/\\\/www.visualexchange.eu\\\/wp-content\\\/uploads\\\/2026\\\/04\\\/VisualExchange_LOGO_Black.png\",\"width\":2001,\"height\":751,\"caption\":\"Visual Exchange\"},\"image\":{\"@id\":\"https:\\\/\\\/www.visualexchange.eu\\\/fr\\\/#\\\/schema\\\/logo\\\/image\\\/\"},\"sameAs\":[\"https:\\\/\\\/www.linkedin.com\\\/company\\\/visualexchange-eu\\\/\",\"https:\\\/\\\/www.youtube.com\\\/c\\\/VisualExchange\"]}]}<\/script>\n<!-- \/ Yoast SEO plugin. -->","yoast_head_json":{"title":"\u00c0 propos de Visual Exchange | Cr\u00e9ation participative & recherche-action","description":"Depuis 2018, Visual Exchange con\u00e7oit des dispositifs cr\u00e9atifs et participatifs pour renforcer les capacit\u00e9s et accompagner ONG et institutions","robots":{"index":"index","follow":"follow","max-snippet":"max-snippet:-1","max-image-preview":"max-image-preview:large","max-video-preview":"max-video-preview:-1"},"canonical":"https:\/\/www.visualexchange.eu\/fr\/about\/","og_locale":"fr_FR","og_type":"article","og_title":"\u00c0 propos de Visual Exchange | Cr\u00e9ation participative & recherche-action","og_description":"Depuis 2018, Visual Exchange con\u00e7oit des dispositifs cr\u00e9atifs et participatifs pour renforcer les capacit\u00e9s et accompagner ONG et institutions","og_url":"https:\/\/www.visualexchange.eu\/fr\/about\/","og_site_name":"Visual Exchange","article_modified_time":"2026-04-17T10:48:41+00:00","twitter_misc":{"Dur\u00e9e de lecture estim\u00e9e":"3 minutes"},"schema":{"@context":"https:\/\/schema.org","@graph":[{"@type":"WebPage","@id":"https:\/\/www.visualexchange.eu\/fr\/about\/","url":"https:\/\/www.visualexchange.eu\/fr\/about\/","name":"\u00c0 propos de Visual Exchange | Cr\u00e9ation participative & recherche-action","isPartOf":{"@id":"https:\/\/www.visualexchange.eu\/fr\/#website"},"datePublished":"2018-03-04T09:36:24+00:00","dateModified":"2026-04-17T10:48:41+00:00","description":"Depuis 2018, Visual Exchange con\u00e7oit des dispositifs cr\u00e9atifs et participatifs pour renforcer les capacit\u00e9s et accompagner ONG et institutions","breadcrumb":{"@id":"https:\/\/www.visualexchange.eu\/fr\/about\/#breadcrumb"},"inLanguage":"fr-FR","potentialAction":[{"@type":"ReadAction","target":["https:\/\/www.visualexchange.eu\/fr\/about\/"]}]},{"@type":"BreadcrumbList","@id":"https:\/\/www.visualexchange.eu\/fr\/about\/#breadcrumb","itemListElement":[{"@type":"ListItem","position":1,"name":"Accueil","item":"https:\/\/www.visualexchange.eu\/fr\/"},{"@type":"ListItem","position":2,"name":"A propos"}]},{"@type":"WebSite","@id":"https:\/\/www.visualexchange.eu\/fr\/#website","url":"https:\/\/www.visualexchange.eu\/fr\/","name":"Visual Exchange","description":"","publisher":{"@id":"https:\/\/www.visualexchange.eu\/fr\/#organization"},"potentialAction":[{"@type":"SearchAction","target":{"@type":"EntryPoint","urlTemplate":"https:\/\/www.visualexchange.eu\/fr\/?s={search_term_string}"},"query-input":{"@type":"PropertyValueSpecification","valueRequired":true,"valueName":"search_term_string"}}],"inLanguage":"fr-FR"},{"@type":"Organization","@id":"https:\/\/www.visualexchange.eu\/fr\/#organization","name":"Visual Exchange","url":"https:\/\/www.visualexchange.eu\/fr\/","logo":{"@type":"ImageObject","inLanguage":"fr-FR","@id":"https:\/\/www.visualexchange.eu\/fr\/#\/schema\/logo\/image\/","url":"https:\/\/www.visualexchange.eu\/wp-content\/uploads\/2026\/04\/VisualExchange_LOGO_Black.png","contentUrl":"https:\/\/www.visualexchange.eu\/wp-content\/uploads\/2026\/04\/VisualExchange_LOGO_Black.png","width":2001,"height":751,"caption":"Visual Exchange"},"image":{"@id":"https:\/\/www.visualexchange.eu\/fr\/#\/schema\/logo\/image\/"},"sameAs":["https:\/\/www.linkedin.com\/company\/visualexchange-eu\/","https:\/\/www.youtube.com\/c\/VisualExchange"]}]}},"_links":{"self":[{"href":"https:\/\/www.visualexchange.eu\/fr\/wp-json\/wp\/v2\/pages\/15425","targetHints":{"allow":["GET"]}}],"collection":[{"href":"https:\/\/www.visualexchange.eu\/fr\/wp-json\/wp\/v2\/pages"}],"about":[{"href":"https:\/\/www.visualexchange.eu\/fr\/wp-json\/wp\/v2\/types\/page"}],"author":[{"embeddable":true,"href":"https:\/\/www.visualexchange.eu\/fr\/wp-json\/wp\/v2\/users\/4"}],"replies":[{"embeddable":true,"href":"https:\/\/www.visualexchange.eu\/fr\/wp-json\/wp\/v2\/comments?post=15425"}],"version-history":[{"count":103,"href":"https:\/\/www.visualexchange.eu\/fr\/wp-json\/wp\/v2\/pages\/15425\/revisions"}],"predecessor-version":[{"id":20110,"href":"https:\/\/www.visualexchange.eu\/fr\/wp-json\/wp\/v2\/pages\/15425\/revisions\/20110"}],"wp:attachment":[{"href":"https:\/\/www.visualexchange.eu\/fr\/wp-json\/wp\/v2\/media?parent=15425"}],"curies":[{"name":"wp","href":"https:\/\/api.w.org\/{rel}","templated":true}]}}