{"id":17654,"date":"2022-01-19T20:45:41","date_gmt":"2022-01-19T19:45:41","guid":{"rendered":"https:\/\/www.visualexchange.eu\/?page_id=17654"},"modified":"2024-10-23T18:27:34","modified_gmt":"2024-10-23T16:27:34","slug":"production","status":"publish","type":"page","link":"https:\/\/www.visualexchange.eu\/fr\/production\/","title":{"rendered":"Production"},"content":{"rendered":"<div class=\"wpb-content-wrapper\"><p>[vc_row full_width=\u00a0\u00bbstretch_row\u00a0\u00bb margin_top=\u00a0\u00bb-50&Prime; awb_type=\u00a0\u00bbimage\u00a0\u00bb awb_stretch=\u00a0\u00bb1&Prime; awb_image_background_position=\u00a0\u00bb0% 0%\u00a0\u00bb awb_color=\u00a0\u00bbrgba(0,0,0,0.5)\u00a0\u00bb anchor=\u00a0\u00bbabout\u00a0\u00bb css=\u00a0\u00bb.vc_custom_1552643372867{margin-top: -70px !important;}\u00a0\u00bb awb_image=\u00a0\u00bb16560&Prime;][vc_column css=\u00a0\u00bb.vc_custom_1548535086897{padding-top: 640px !important;padding-right: 90px !important;}\u00a0\u00bb][vc_row_inner el_id=\u00a0\u00bbfilms_videos\u00a0\u00bb][vc_column_inner][vc_empty_space height=\u00a0\u00bb100&Prime;][\/vc_column_inner][\/vc_row_inner]<div id=\"ultimate-heading-27036a0484c2b5355\" class=\"uvc-heading ult-adjust-bottom-margin ultimate-heading-27036a0484c2b5355 uvc-1420  uvc-heading-default-font-sizes\" data-hspacer=\"no_spacer\"  data-halign=\"left\" style=\"text-align:left\"><div class=\"uvc-heading-spacer no_spacer\" style=\"top\"><\/div><div class=\"uvc-main-heading ult-responsive\"  data-ultimate-target='.uvc-heading.ultimate-heading-27036a0484c2b5355 h1'  data-responsive-json-new='{\"font-size\":\"\",\"line-height\":\"\"}' ><h1 style=\"--font-weight:theme;color:#ffffff;margin-bottom:30px;\">Recherches, films &amp; vid\u00e9os<\/h1><\/div><\/div>[\/vc_column][\/vc_row][vc_row type=\u00a0\u00bbvc_default\u00a0\u00bb full_width=\u00a0\u00bbstretch_row\u00a0\u00bb content_placement=\u00a0\u00bbmiddle\u00a0\u00bb enable_overlay=\u00a0\u00bbenable_overlay_value\u00a0\u00bb overlay_color=\u00a0\u00bbrgba(255,255,255,0.3)\u00a0\u00bb][vc_column width=\u00a0\u00bb1\/2&Prime;][vc_empty_space height=\u00a0\u00bb78&Prime;][vc_custom_heading text=\u00a0\u00bbProduction vid\u00e9o professionnelle &amp; processus de vid\u00e9o participative, est-ce compatible ?\u00a0\u00bb font_container=\u00a0\u00bbtag:h2|text_align:left|color:%23000000&Prime; use_theme_fonts=\u00a0\u00bbyes\u00a0\u00bb link=\u00a0\u00bb|||\u00a0\u00bb el_id=\u00a0\u00bbbdfm1&Prime;][vc_empty_space height=\u00a0\u00bb32&Prime;][vc_column_text css_animation=\u00a0\u00bbnone\u00a0\u00bb css=\u00a0\u00bb\u00a0\u00bb]<\/p>\n<p style=\"text-align: justify;\">La production de mat\u00e9riaux audiovisuels intervient au cours de la plupart de nos missions. Cependant le statut de ces mat\u00e9riaux est vari\u00e9 et r\u00e9pond a des exigences diverses selon qu&rsquo;il soit au centre d&rsquo;un processus de <a href=\"https:\/\/www.visualexchange.eu\/fr\/video-participative\/#!\/video_participative\">vid\u00e9o participative<\/a> ou issu d&rsquo;une demande de production particuli\u00e8re \u00e0 des fins de sensibilisation, de communication ou autre.<\/p>\n<p style=\"text-align: justify;\">Ces objectifs peuvent se croiser, mais il est important d&rsquo;\u00e9valuer la pertinence d&rsquo;une d\u00e9marche conjointe ou diff\u00e9renci\u00e9e. C&rsquo;est pourquoi chaque demande est \u00e9tudi\u00e9e avec le plus grand soin au regard des objectifs et dans le respect des parties prenantes au projet. Nous adaptons nos m\u00e9thodes \u00e0 chaque contexte sp\u00e9cifique.<\/p>\n<p>[\/vc_column_text][vc_empty_space height=\u00a0\u00bb16&Prime;][vc_column_text css_animation=\u00a0\u00bbnone\u00a0\u00bb css=\u00a0\u00bb\u00a0\u00bb]<\/p>\n<p style=\"text-align: justify;\">Pour les missions qui font appel \u00e0 la m\u00e9thodologie de la <a href=\"https:\/\/www.visualexchange.eu\/fr\/video-participative\/#!\/video_participative\">vid\u00e9o participative<\/a>, les mat\u00e9riaux audiovisuels issus du processus sont partie prenante d&rsquo;une analyse qualitative. Ceux-ci sont destin\u00e9 avant tout \u00e0 alimenter une recherche, une enqu\u00eate, une \u00e9valuation de programme ou un processus d&#8217;empowerment ou d&rsquo;art th\u00e9rapie par exemple.<\/p>\n<p>[\/vc_column_text][vc_empty_space height=\u00a0\u00bb48&Prime;][\/vc_column][vc_column width=\u00a0\u00bb1\/2&Prime;][vc_custom_heading text=\u00a0\u00bbVid\u00e9o d\u00e9riv\u00e9e d&rsquo;ateliers pour Plan International, Niger\u00a0\u00bb font_container=\u00a0\u00bbtag:h3|text_align:left|color:%23000000&Prime; google_fonts=\u00a0\u00bbfont_family:Roboto%3A100%2C100italic%2C300%2C300italic%2Cregular%2Citalic%2C500%2C500italic%2C700%2C700italic%2C900%2C900italic|font_style:100%20light%20regular%3A100%3Anormal\u00a0\u00bb link=\u00a0\u00bb|||\u00a0\u00bb][vc_empty_space height=\u00a0\u00bb32&Prime;][vc_raw_html el_class=\u00a0\u00bbvideo-responsive\u00a0\u00bb]JTNDaWZyYW1lJTIwd2lkdGglM0QlMjIxMDAlMjUlMjIlMjBoZWlnaHQlM0QlMjIzMjUlMjIlMjBzcmMlM0QlMjJodHRwcyUzQSUyRiUyRnd3dy55b3V0dWJlLmNvbSUyRmVtYmVkJTJGbjZPOUZ2bk42Y2slM0Ztb2Rlc3RicmFuZGluZyUzRDElMjZhdXRvaGlkZSUzRDElMjZzaG93aW5mbyUzRDAlMjZyZWwlM0QwJTIyJTIwdGl0bGUlM0QlMjJZb3VUdWJlJTIwdmlkZW8lMjBwbGF5ZXIlMjIlMjBmcmFtZWJvcmRlciUzRCUyMjAlMjIlMjBhbGxvdyUzRCUyMmFjY2VsZXJvbWV0ZXIlM0IlMjBhdXRvcGxheSUzQiUyMGNsaXBib2FyZC13cml0ZSUzQiUyMGVuY3J5cHRlZC1tZWRpYSUzQiUyMGd5cm9zY29wZSUzQiUyMHBpY3R1cmUtaW4tcGljdHVyZSUyMiUyMGFsbG93ZnVsbHNjcmVlbiUzRSUzQyUyRmlmcmFtZSUzRQ==[\/vc_raw_html][vc_empty_space height=\u00a0\u00bb30&Prime;][\/vc_column][\/vc_row][vc_row][vc_column width=\u00a0\u00bb1\/2&Prime;][vc_empty_space height=\u00a0\u00bb32&Prime;][vc_custom_heading text=\u00a0\u00bbVid\u00e9o de commande sur mesure\u00a0\u00bb use_theme_fonts=\u00a0\u00bbyes\u00a0\u00bb link=\u00a0\u00bb|||\u00a0\u00bb][vc_empty_space height=\u00a0\u00bb32&Prime;][vc_column_text el_id=\u00a0\u00bbcorporate\u00a0\u00bb]<\/p>\n<p style=\"text-align: justify;\">Par ailleurs, si le cadre est davantage celui de besoins sp\u00e9cifiques en termes de communication, communication externe ou en vue de repr\u00e9senter et de diffuser l&rsquo;impact d&rsquo;un projet par exemple. Notre expertise de terrain et notre r\u00e9seau de professionnels dans le domaine audiovisuel nous permet de prendre en charge la production compl\u00e8te de films de commande, de documentaires, de films de sensibilisation ou de spots vid\u00e9os cr\u00e9atifs ayant des objectifs cibl\u00e9s.<\/p>\n<p>[\/vc_column_text][\/vc_column][vc_column width=\u00a0\u00bb1\/2&Prime;][vc_empty_space height=\u00a0\u00bb32&Prime;][vc_custom_heading text=\u00a0\u00bbVid\u00e9o de commande pour Plan International, Bolivie\u00a0\u00bb font_container=\u00a0\u00bbtag:h3|text_align:left\u00a0\u00bb use_theme_fonts=\u00a0\u00bbyes\u00a0\u00bb link=\u00a0\u00bb|||\u00a0\u00bb][vc_empty_space height=\u00a0\u00bb32&Prime;][vc_raw_html el_class=\u00a0\u00bbvideo-responsive\u00a0\u00bb]JTNDaWZyYW1lJTIwd2lkdGglM0QlMjIxMDAlMjUlMjIlMjBoZWlnaHQlM0QlMjIzMjUlMjIlMjBzcmMlM0QlMjJodHRwcyUzQSUyRiUyRnd3dy55b3V0dWJlLmNvbSUyRmVtYmVkJTJGcjd2MHlYcnNJY2slM0Ztb2Rlc3RicmFuZGluZyUzRDElMjZhdXRvaGlkZSUzRDElMjZzaG93aW5mbyUzRDAlMjZyZWwlM0QwJTIyJTIwdGl0bGUlM0QlMjJZb3VUdWJlJTIwdmlkZW8lMjBwbGF5ZXIlMjIlMjBmcmFtZWJvcmRlciUzRCUyMjAlMjIlMjBhbGxvdyUzRCUyMmFjY2VsZXJvbWV0ZXIlM0IlMjBhdXRvcGxheSUzQiUyMGNsaXBib2FyZC13cml0ZSUzQiUyMGVuY3J5cHRlZC1tZWRpYSUzQiUyMGd5cm9zY29wZSUzQiUyMHBpY3R1cmUtaW4tcGljdHVyZSUyMiUyMGFsbG93ZnVsbHNjcmVlbiUzRSUzQyUyRmlmcmFtZSUzRQ==[\/vc_raw_html][\/vc_column][\/vc_row][vc_row][vc_column][vc_empty_space height=\u00a0\u00bb96&Prime;][\/vc_column][\/vc_row][vc_row][vc_column][vc_raw_html]JTNDZGl2JTIwY2xhc3MlM0QlMjJvdGhlcnNfcHJvamVjdHNfdGl0bGUlMjIlM0VBVVRSRVMlMjBQUk9KRVRTJTNDJTJGZGl2JTNFJTBBJTNDZGl2JTIwY2xhc3MlM0QlMjJvdGhlcnNfcHJvamVjdHNfbGlzdCUyMiUzRSUwQSU1Qm8zZGlnaXRhbF9ncmlkX3Nob3J0Y29kZSUyMHBvc3RfdHlwZSUzRCUyMnByb2plY3RzJTIyJTIwZmlsdGVyJTNEJTIyZmFsc2UlMjIlMjBwb3N0c19wZXJfcGFnZSUzRCUyMjMlMjIlMjByYW5kb20lM0QlMjJ0cnVlJTIyJTIwY29sLWxnJTNEJTIyNCUyMiUyMGNvbC1tZCUzRCUyMjYlMjIlMjBjb2wtc20lM0QlMjIxMiUyMiUyMGNvbC14cyUzRCUyMjEyJTIyJTIwZmlsdGVyX2FsbCUzRCUyMkFMTCUyMiU1RCUwQSUzQyUyRmRpdiUzRSUwQQ==[\/vc_raw_html][\/vc_column][\/vc_row]<\/p>\n<\/div>","protected":false},"excerpt":{"rendered":"<p>[vc_row full_width=\u00a0\u00bbstretch_row\u00a0\u00bb margin_top=\u00a0\u00bb-50&Prime; awb_type=\u00a0\u00bbimage\u00a0\u00bb awb_stretch=\u00a0\u00bb1&Prime; awb_image_background_position=\u00a0\u00bb0% 0%\u00a0\u00bb awb_color=\u00a0\u00bbrgba(0,0,0,0.5)\u00a0\u00bb anchor=\u00a0\u00bbabout\u00a0\u00bb css=\u00a0\u00bb.vc_custom_1552643372867{margin-top: -70px !important;}\u00a0\u00bb awb_image=\u00a0\u00bb16560&Prime;][vc_column css=\u00a0\u00bb.vc_custom_1548535086897{padding-top: 640px !important;padding-right: 90px !important;}\u00a0\u00bb][vc_row_inner el_id=\u00a0\u00bbfilms_videos\u00a0\u00bb][vc_column_inner][vc_empty_space height=\u00a0\u00bb100&Prime;][\/vc_column_inner][\/vc_row_inner][\/vc_column][\/vc_row][vc_row type=\u00a0\u00bbvc_default\u00a0\u00bb full_width=\u00a0\u00bbstretch_row\u00a0\u00bb content_placement=\u00a0\u00bbmiddle\u00a0\u00bb enable_overlay=\u00a0\u00bbenable_overlay_value\u00a0\u00bb overlay_color=\u00a0\u00bbrgba(255,255,255,0.3)\u00a0\u00bb][vc_column width=\u00a0\u00bb1\/2&Prime;][vc_empty_space height=\u00a0\u00bb78&Prime;][vc_custom_heading text=\u00a0\u00bbProduction vid\u00e9o professionnelle &amp; processus de vid\u00e9o participative, est-ce compatible ?\u00a0\u00bb font_container=\u00a0\u00bbtag:h2|text_align:left|color:%23000000&Prime; use_theme_fonts=\u00a0\u00bbyes\u00a0\u00bb link=\u00a0\u00bb|||\u00a0\u00bb el_id=\u00a0\u00bbbdfm1&Prime;][vc_empty_space height=\u00a0\u00bb32&Prime;][vc_column_text css_animation=\u00a0\u00bbnone\u00a0\u00bb css=\u00a0\u00bb\u00a0\u00bb] La production de mat\u00e9riaux audiovisuels intervient au cours de la&hellip;<\/p>\n","protected":false},"author":4,"featured_media":0,"parent":0,"menu_order":1,"comment_status":"closed","ping_status":"closed","template":"template-microsite.php","meta":{"_acf_changed":false,"footnotes":""},"class_list":["post-17654","page","type-page","status-publish","hentry","description-off"],"acf":[],"yoast_head":"<!-- This site is optimized with the Yoast SEO plugin v27.6 - https:\/\/yoast.com\/product\/yoast-seo-wordpress\/ -->\n<title>Production | Visual Exchange<\/title>\n<meta name=\"robots\" content=\"noindex, follow\" \/>\n<meta property=\"og:locale\" content=\"fr_FR\" \/>\n<meta property=\"og:type\" content=\"article\" \/>\n<meta property=\"og:title\" content=\"Production | Visual Exchange\" \/>\n<meta property=\"og:description\" content=\"[vc_row full_width=\u00a0\u00bbstretch_row\u00a0\u00bb margin_top=\u00a0\u00bb-50&Prime; awb_type=\u00a0\u00bbimage\u00a0\u00bb awb_stretch=\u00a0\u00bb1&Prime; awb_image_background_position=\u00a0\u00bb0% 0%\u00a0\u00bb awb_color=\u00a0\u00bbrgba(0,0,0,0.5)\u00a0\u00bb anchor=\u00a0\u00bbabout\u00a0\u00bb css=\u00a0\u00bb.vc_custom_1552643372867{margin-top: -70px !important;}\u00a0\u00bb awb_image=\u00a0\u00bb16560&Prime;][vc_column css=\u00a0\u00bb.vc_custom_1548535086897{padding-top: 640px !important;padding-right: 90px !important;}\u00a0\u00bb][vc_row_inner el_id=\u00a0\u00bbfilms_videos\u00a0\u00bb][vc_column_inner][vc_empty_space height=\u00a0\u00bb100&Prime;][\/vc_column_inner][\/vc_row_inner][\/vc_column][\/vc_row][vc_row type=\u00a0\u00bbvc_default\u00a0\u00bb full_width=\u00a0\u00bbstretch_row\u00a0\u00bb content_placement=\u00a0\u00bbmiddle\u00a0\u00bb enable_overlay=\u00a0\u00bbenable_overlay_value\u00a0\u00bb overlay_color=\u00a0\u00bbrgba(255,255,255,0.3)\u00a0\u00bb][vc_column width=\u00a0\u00bb1\/2&Prime;][vc_empty_space height=\u00a0\u00bb78&Prime;][vc_custom_heading text=\u00a0\u00bbProduction vid\u00e9o professionnelle &amp; processus de vid\u00e9o participative, est-ce compatible ?\u00a0\u00bb font_container=\u00a0\u00bbtag:h2|text_align:left|color:%23000000&Prime; use_theme_fonts=\u00a0\u00bbyes\u00a0\u00bb link=\u00a0\u00bb|||\u00a0\u00bb el_id=\u00a0\u00bbbdfm1&Prime;][vc_empty_space height=\u00a0\u00bb32&Prime;][vc_column_text css_animation=\u00a0\u00bbnone\u00a0\u00bb css=\u00a0\u00bb\u00a0\u00bb] La production de mat\u00e9riaux audiovisuels intervient au cours de la&hellip;\" \/>\n<meta property=\"og:url\" content=\"https:\/\/www.visualexchange.eu\/fr\/production\/\" \/>\n<meta property=\"og:site_name\" content=\"Visual Exchange\" \/>\n<meta property=\"article:modified_time\" content=\"2024-10-23T16:27:34+00:00\" \/>\n<meta name=\"twitter:label1\" content=\"Dur\u00e9e de lecture estim\u00e9e\" \/>\n\t<meta name=\"twitter:data1\" content=\"2 minutes\" \/>\n<script type=\"application\/ld+json\" class=\"yoast-schema-graph\">{\"@context\":\"https:\\\/\\\/schema.org\",\"@graph\":[{\"@type\":\"WebPage\",\"@id\":\"https:\\\/\\\/www.visualexchange.eu\\\/fr\\\/production\\\/\",\"url\":\"https:\\\/\\\/www.visualexchange.eu\\\/fr\\\/production\\\/\",\"name\":\"Production | Visual Exchange\",\"isPartOf\":{\"@id\":\"https:\\\/\\\/www.visualexchange.eu\\\/fr\\\/#website\"},\"datePublished\":\"2022-01-19T19:45:41+00:00\",\"dateModified\":\"2024-10-23T16:27:34+00:00\",\"breadcrumb\":{\"@id\":\"https:\\\/\\\/www.visualexchange.eu\\\/fr\\\/production\\\/#breadcrumb\"},\"inLanguage\":\"fr-FR\",\"potentialAction\":[{\"@type\":\"ReadAction\",\"target\":[\"https:\\\/\\\/www.visualexchange.eu\\\/fr\\\/production\\\/\"]}]},{\"@type\":\"BreadcrumbList\",\"@id\":\"https:\\\/\\\/www.visualexchange.eu\\\/fr\\\/production\\\/#breadcrumb\",\"itemListElement\":[{\"@type\":\"ListItem\",\"position\":1,\"name\":\"Accueil\",\"item\":\"https:\\\/\\\/www.visualexchange.eu\\\/fr\\\/\"},{\"@type\":\"ListItem\",\"position\":2,\"name\":\"Production\"}]},{\"@type\":\"WebSite\",\"@id\":\"https:\\\/\\\/www.visualexchange.eu\\\/fr\\\/#website\",\"url\":\"https:\\\/\\\/www.visualexchange.eu\\\/fr\\\/\",\"name\":\"Visual Exchange\",\"description\":\"\",\"publisher\":{\"@id\":\"https:\\\/\\\/www.visualexchange.eu\\\/fr\\\/#organization\"},\"potentialAction\":[{\"@type\":\"SearchAction\",\"target\":{\"@type\":\"EntryPoint\",\"urlTemplate\":\"https:\\\/\\\/www.visualexchange.eu\\\/fr\\\/?s={search_term_string}\"},\"query-input\":{\"@type\":\"PropertyValueSpecification\",\"valueRequired\":true,\"valueName\":\"search_term_string\"}}],\"inLanguage\":\"fr-FR\"},{\"@type\":\"Organization\",\"@id\":\"https:\\\/\\\/www.visualexchange.eu\\\/fr\\\/#organization\",\"name\":\"Visual Exchange\",\"url\":\"https:\\\/\\\/www.visualexchange.eu\\\/fr\\\/\",\"logo\":{\"@type\":\"ImageObject\",\"inLanguage\":\"fr-FR\",\"@id\":\"https:\\\/\\\/www.visualexchange.eu\\\/fr\\\/#\\\/schema\\\/logo\\\/image\\\/\",\"url\":\"https:\\\/\\\/www.visualexchange.eu\\\/wp-content\\\/uploads\\\/2026\\\/04\\\/VisualExchange_LOGO_Black.png\",\"contentUrl\":\"https:\\\/\\\/www.visualexchange.eu\\\/wp-content\\\/uploads\\\/2026\\\/04\\\/VisualExchange_LOGO_Black.png\",\"width\":2001,\"height\":751,\"caption\":\"Visual Exchange\"},\"image\":{\"@id\":\"https:\\\/\\\/www.visualexchange.eu\\\/fr\\\/#\\\/schema\\\/logo\\\/image\\\/\"},\"sameAs\":[\"https:\\\/\\\/www.linkedin.com\\\/company\\\/visualexchange-eu\\\/\",\"https:\\\/\\\/www.youtube.com\\\/c\\\/VisualExchange\"]}]}<\/script>\n<!-- \/ Yoast SEO plugin. -->","yoast_head_json":{"title":"Production | Visual Exchange","robots":{"index":"noindex","follow":"follow"},"og_locale":"fr_FR","og_type":"article","og_title":"Production | Visual Exchange","og_description":"[vc_row full_width=\u00a0\u00bbstretch_row\u00a0\u00bb margin_top=\u00a0\u00bb-50&Prime; awb_type=\u00a0\u00bbimage\u00a0\u00bb awb_stretch=\u00a0\u00bb1&Prime; awb_image_background_position=\u00a0\u00bb0% 0%\u00a0\u00bb awb_color=\u00a0\u00bbrgba(0,0,0,0.5)\u00a0\u00bb anchor=\u00a0\u00bbabout\u00a0\u00bb css=\u00a0\u00bb.vc_custom_1552643372867{margin-top: -70px !important;}\u00a0\u00bb awb_image=\u00a0\u00bb16560&Prime;][vc_column css=\u00a0\u00bb.vc_custom_1548535086897{padding-top: 640px !important;padding-right: 90px !important;}\u00a0\u00bb][vc_row_inner el_id=\u00a0\u00bbfilms_videos\u00a0\u00bb][vc_column_inner][vc_empty_space height=\u00a0\u00bb100&Prime;][\/vc_column_inner][\/vc_row_inner][\/vc_column][\/vc_row][vc_row type=\u00a0\u00bbvc_default\u00a0\u00bb full_width=\u00a0\u00bbstretch_row\u00a0\u00bb content_placement=\u00a0\u00bbmiddle\u00a0\u00bb enable_overlay=\u00a0\u00bbenable_overlay_value\u00a0\u00bb overlay_color=\u00a0\u00bbrgba(255,255,255,0.3)\u00a0\u00bb][vc_column width=\u00a0\u00bb1\/2&Prime;][vc_empty_space height=\u00a0\u00bb78&Prime;][vc_custom_heading text=\u00a0\u00bbProduction vid\u00e9o professionnelle &amp; processus de vid\u00e9o participative, est-ce compatible ?\u00a0\u00bb font_container=\u00a0\u00bbtag:h2|text_align:left|color:%23000000&Prime; use_theme_fonts=\u00a0\u00bbyes\u00a0\u00bb link=\u00a0\u00bb|||\u00a0\u00bb el_id=\u00a0\u00bbbdfm1&Prime;][vc_empty_space height=\u00a0\u00bb32&Prime;][vc_column_text css_animation=\u00a0\u00bbnone\u00a0\u00bb css=\u00a0\u00bb\u00a0\u00bb] La production de mat\u00e9riaux audiovisuels intervient au cours de la&hellip;","og_url":"https:\/\/www.visualexchange.eu\/fr\/production\/","og_site_name":"Visual Exchange","article_modified_time":"2024-10-23T16:27:34+00:00","twitter_misc":{"Dur\u00e9e de lecture estim\u00e9e":"2 minutes"},"schema":{"@context":"https:\/\/schema.org","@graph":[{"@type":"WebPage","@id":"https:\/\/www.visualexchange.eu\/fr\/production\/","url":"https:\/\/www.visualexchange.eu\/fr\/production\/","name":"Production | Visual Exchange","isPartOf":{"@id":"https:\/\/www.visualexchange.eu\/fr\/#website"},"datePublished":"2022-01-19T19:45:41+00:00","dateModified":"2024-10-23T16:27:34+00:00","breadcrumb":{"@id":"https:\/\/www.visualexchange.eu\/fr\/production\/#breadcrumb"},"inLanguage":"fr-FR","potentialAction":[{"@type":"ReadAction","target":["https:\/\/www.visualexchange.eu\/fr\/production\/"]}]},{"@type":"BreadcrumbList","@id":"https:\/\/www.visualexchange.eu\/fr\/production\/#breadcrumb","itemListElement":[{"@type":"ListItem","position":1,"name":"Accueil","item":"https:\/\/www.visualexchange.eu\/fr\/"},{"@type":"ListItem","position":2,"name":"Production"}]},{"@type":"WebSite","@id":"https:\/\/www.visualexchange.eu\/fr\/#website","url":"https:\/\/www.visualexchange.eu\/fr\/","name":"Visual Exchange","description":"","publisher":{"@id":"https:\/\/www.visualexchange.eu\/fr\/#organization"},"potentialAction":[{"@type":"SearchAction","target":{"@type":"EntryPoint","urlTemplate":"https:\/\/www.visualexchange.eu\/fr\/?s={search_term_string}"},"query-input":{"@type":"PropertyValueSpecification","valueRequired":true,"valueName":"search_term_string"}}],"inLanguage":"fr-FR"},{"@type":"Organization","@id":"https:\/\/www.visualexchange.eu\/fr\/#organization","name":"Visual Exchange","url":"https:\/\/www.visualexchange.eu\/fr\/","logo":{"@type":"ImageObject","inLanguage":"fr-FR","@id":"https:\/\/www.visualexchange.eu\/fr\/#\/schema\/logo\/image\/","url":"https:\/\/www.visualexchange.eu\/wp-content\/uploads\/2026\/04\/VisualExchange_LOGO_Black.png","contentUrl":"https:\/\/www.visualexchange.eu\/wp-content\/uploads\/2026\/04\/VisualExchange_LOGO_Black.png","width":2001,"height":751,"caption":"Visual Exchange"},"image":{"@id":"https:\/\/www.visualexchange.eu\/fr\/#\/schema\/logo\/image\/"},"sameAs":["https:\/\/www.linkedin.com\/company\/visualexchange-eu\/","https:\/\/www.youtube.com\/c\/VisualExchange"]}]}},"_links":{"self":[{"href":"https:\/\/www.visualexchange.eu\/fr\/wp-json\/wp\/v2\/pages\/17654","targetHints":{"allow":["GET"]}}],"collection":[{"href":"https:\/\/www.visualexchange.eu\/fr\/wp-json\/wp\/v2\/pages"}],"about":[{"href":"https:\/\/www.visualexchange.eu\/fr\/wp-json\/wp\/v2\/types\/page"}],"author":[{"embeddable":true,"href":"https:\/\/www.visualexchange.eu\/fr\/wp-json\/wp\/v2\/users\/4"}],"replies":[{"embeddable":true,"href":"https:\/\/www.visualexchange.eu\/fr\/wp-json\/wp\/v2\/comments?post=17654"}],"version-history":[{"count":43,"href":"https:\/\/www.visualexchange.eu\/fr\/wp-json\/wp\/v2\/pages\/17654\/revisions"}],"predecessor-version":[{"id":19412,"href":"https:\/\/www.visualexchange.eu\/fr\/wp-json\/wp\/v2\/pages\/17654\/revisions\/19412"}],"wp:attachment":[{"href":"https:\/\/www.visualexchange.eu\/fr\/wp-json\/wp\/v2\/media?parent=17654"}],"curies":[{"name":"wp","href":"https:\/\/api.w.org\/{rel}","templated":true}]}}