{"id":20004,"date":"2026-02-26T21:07:17","date_gmt":"2026-02-26T20:07:17","guid":{"rendered":"https:\/\/www.visualexchange.eu\/legal-notice\/"},"modified":"2026-02-27T00:12:40","modified_gmt":"2026-02-26T23:12:40","slug":"mentions-legales","status":"publish","type":"page","link":"https:\/\/www.visualexchange.eu\/fr\/mentions-legales\/","title":{"rendered":"Mentions l\u00e9gales"},"content":{"rendered":"<div class=\"wpb-content-wrapper\"><p>[vc_row][vc_column][vc_empty_space height=\u00a0\u00bb175px\u00a0\u00bb]<div id=\"ultimate-heading-346469de8881725d6\" class=\"uvc-heading ult-adjust-bottom-margin ultimate-heading-346469de8881725d6 uvc-6025  uvc-heading-default-font-sizes\" data-hspacer=\"no_spacer\"  data-halign=\"left\" style=\"text-align:left\"><div class=\"uvc-heading-spacer no_spacer\" style=\"top\"><\/div><div class=\"uvc-main-heading ult-responsive\"  data-ultimate-target='.uvc-heading.ultimate-heading-346469de8881725d6 h1'  data-responsive-json-new='{\"font-size\":\"\",\"line-height\":\"\"}' ><h1 style=\"font-weight:300;color:#000000;\">Mentions l\u00e9gales<\/h1><\/div><\/div>[vc_empty_space height=\u00a0\u00bb75px\u00a0\u00bb][vc_column_text css=\u00a0\u00bb\u00a0\u00bb]<strong>INFORMATIONS L\u00c9GALES<\/strong><\/p>\n<p>Le pr\u00e9sent site est \u00e9dit\u00e9 par Visual Exchange Switzerland, association \u00e0 but non lucratif r\u00e9gie par le droit suisse (art. 60 et suivants du Code civil suisse), dont le si\u00e8ge est \u00e0 Gen\u00e8ve, Suisse, et reconnue d\u2019utilit\u00e9 publique.<\/p>\n<p>Si\u00e8ge :<\/p>\n<p>Visual Exchange Switzerland<br \/>\nAvenue Alice et William Favre 38<br \/>\n1207 Gen\u00e8ve<br \/>\nSuisse<\/p>\n<p>Site web : <a href=\"http:\/\/www.visualexchange.eu\">www.visualexchange.eu<\/a><br \/>\nEmail : <a href=\"mailto:contact@visualexchange.eu\">contact@visualexchange.eu<\/a><br \/>\nT\u00e9l\u00e9phone : +41 (0)76 725 43 31<\/p>\n<p>For juridique : Gen\u00e8ve, Suisse.<\/p>\n<p>&nbsp;<\/p>\n<p><strong>DROITS D\u2019AUTEUR<\/strong><\/p>\n<p>L\u2019ensemble des contenus publi\u00e9s sur ce site (textes, photographies, vid\u00e9os, fichiers audio, \u00e9l\u00e9ments graphiques et documents) est prot\u00e9g\u00e9 par le droit d\u2019auteur, notamment par la Loi f\u00e9d\u00e9rale suisse sur le droit d\u2019auteur et les droits voisins ainsi que par les conventions internationales applicables en mati\u00e8re de droit d\u2019auteur.<\/p>\n<p>Toute reproduction, distribution ou utilisation, totale ou partielle, sans autorisation \u00e9crite pr\u00e9alable de Visual Exchange Switzerland est interdite.<\/p>\n<p>Les demandes d\u2019autorisation doivent \u00eatre adress\u00e9es \u00e0 : <a href=\"mailto:contact@visualexchange.eu\">contact@visualexchange.eu<\/a><\/p>\n<p>&nbsp;<\/p>\n<p><strong>PHOTOGRAPHIES<\/strong><\/p>\n<p>Les photographies sont la propri\u00e9t\u00e9 de Visual Exchange Switzerland et\/ou des photographes ou organisations mentionn\u00e9s dans les cr\u00e9dits.<\/p>\n<p>&nbsp;<\/p>\n<p><strong>RESPONSABILIT\u00c9 RELATIVE AUX LIENS EXTERNES<\/strong><\/p>\n<p>Visual Exchange Switzerland d\u00e9cline toute responsabilit\u00e9 quant au contenu des sites tiers accessibles via des liens figurant sur ce site.<\/p>\n<p>&nbsp;<\/p>\n<p><strong>PROTECTION DES DONN\u00c9ES<\/strong><\/p>\n<p>Pour toute information relative au traitement des donn\u00e9es personnelles, veuillez consulter notre <a href=\"https:\/\/www.visualexchange.eu\/fr\/politique-de-confidentialite\/\">Politique de confidentialit\u00e9<\/a>.[\/vc_column_text][\/vc_column][\/vc_row]<\/p>\n<\/div>","protected":false},"excerpt":{"rendered":"<p>[vc_row][vc_column][vc_empty_space height=\u00a0\u00bb175px\u00a0\u00bb][vc_empty_space height=\u00a0\u00bb75px\u00a0\u00bb][vc_column_text css=\u00a0\u00bb\u00a0\u00bb]INFORMATIONS L\u00c9GALES Le pr\u00e9sent site est \u00e9dit\u00e9 par Visual Exchange Switzerland, association \u00e0 but non lucratif r\u00e9gie par le droit suisse (art. 60 et suivants du Code civil suisse), dont le si\u00e8ge est \u00e0 Gen\u00e8ve, Suisse, et reconnue d\u2019utilit\u00e9 publique. Si\u00e8ge : Visual Exchange Switzerland Avenue Alice et William Favre 38 1207&hellip;<\/p>\n","protected":false},"author":4,"featured_media":0,"parent":0,"menu_order":0,"comment_status":"closed","ping_status":"closed","template":"","meta":{"_acf_changed":false,"footnotes":""},"class_list":["post-20004","page","type-page","status-publish","hentry","description-off"],"acf":[],"yoast_head":"<!-- This site is optimized with the Yoast SEO plugin v27.4 - https:\/\/yoast.com\/product\/yoast-seo-wordpress\/ -->\n<title>Mentions l\u00e9gales<\/title>\n<meta name=\"robots\" content=\"noindex, follow\" \/>\n<meta property=\"og:locale\" content=\"fr_FR\" \/>\n<meta property=\"og:type\" content=\"article\" \/>\n<meta property=\"og:title\" content=\"Mentions l\u00e9gales\" \/>\n<meta property=\"og:description\" content=\"[vc_row][vc_column][vc_empty_space height=\u00a0\u00bb175px\u00a0\u00bb][vc_empty_space height=\u00a0\u00bb75px\u00a0\u00bb][vc_column_text css=\u00a0\u00bb\u00a0\u00bb]INFORMATIONS L\u00c9GALES Le pr\u00e9sent site est \u00e9dit\u00e9 par Visual Exchange Switzerland, association \u00e0 but non lucratif r\u00e9gie par le droit suisse (art. 60 et suivants du Code civil suisse), dont le si\u00e8ge est \u00e0 Gen\u00e8ve, Suisse, et reconnue d\u2019utilit\u00e9 publique. Si\u00e8ge : Visual Exchange Switzerland Avenue Alice et William Favre 38 1207&hellip;\" \/>\n<meta property=\"og:url\" content=\"https:\/\/www.visualexchange.eu\/fr\/mentions-legales\/\" \/>\n<meta property=\"og:site_name\" content=\"Visual Exchange\" \/>\n<meta property=\"article:modified_time\" content=\"2026-02-26T23:12:40+00:00\" \/>\n<meta name=\"twitter:label1\" content=\"Dur\u00e9e de lecture estim\u00e9e\" \/>\n\t<meta name=\"twitter:data1\" content=\"2 minutes\" \/>\n<script type=\"application\/ld+json\" class=\"yoast-schema-graph\">{\"@context\":\"https:\\\/\\\/schema.org\",\"@graph\":[{\"@type\":\"WebPage\",\"@id\":\"https:\\\/\\\/www.visualexchange.eu\\\/fr\\\/mentions-legales\\\/\",\"url\":\"https:\\\/\\\/www.visualexchange.eu\\\/fr\\\/mentions-legales\\\/\",\"name\":\"Mentions l\u00e9gales\",\"isPartOf\":{\"@id\":\"https:\\\/\\\/www.visualexchange.eu\\\/fr\\\/#website\"},\"datePublished\":\"2026-02-26T20:07:17+00:00\",\"dateModified\":\"2026-02-26T23:12:40+00:00\",\"breadcrumb\":{\"@id\":\"https:\\\/\\\/www.visualexchange.eu\\\/fr\\\/mentions-legales\\\/#breadcrumb\"},\"inLanguage\":\"fr-FR\",\"potentialAction\":[{\"@type\":\"ReadAction\",\"target\":[\"https:\\\/\\\/www.visualexchange.eu\\\/fr\\\/mentions-legales\\\/\"]}]},{\"@type\":\"BreadcrumbList\",\"@id\":\"https:\\\/\\\/www.visualexchange.eu\\\/fr\\\/mentions-legales\\\/#breadcrumb\",\"itemListElement\":[{\"@type\":\"ListItem\",\"position\":1,\"name\":\"Accueil\",\"item\":\"https:\\\/\\\/www.visualexchange.eu\\\/fr\\\/\"},{\"@type\":\"ListItem\",\"position\":2,\"name\":\"Mentions l\u00e9gales\"}]},{\"@type\":\"WebSite\",\"@id\":\"https:\\\/\\\/www.visualexchange.eu\\\/fr\\\/#website\",\"url\":\"https:\\\/\\\/www.visualexchange.eu\\\/fr\\\/\",\"name\":\"Visual Exchange\",\"description\":\"\",\"potentialAction\":[{\"@type\":\"SearchAction\",\"target\":{\"@type\":\"EntryPoint\",\"urlTemplate\":\"https:\\\/\\\/www.visualexchange.eu\\\/fr\\\/?s={search_term_string}\"},\"query-input\":{\"@type\":\"PropertyValueSpecification\",\"valueRequired\":true,\"valueName\":\"search_term_string\"}}],\"inLanguage\":\"fr-FR\"}]}<\/script>\n<!-- \/ Yoast SEO plugin. -->","yoast_head_json":{"title":"Mentions l\u00e9gales","robots":{"index":"noindex","follow":"follow"},"og_locale":"fr_FR","og_type":"article","og_title":"Mentions l\u00e9gales","og_description":"[vc_row][vc_column][vc_empty_space height=\u00a0\u00bb175px\u00a0\u00bb][vc_empty_space height=\u00a0\u00bb75px\u00a0\u00bb][vc_column_text css=\u00a0\u00bb\u00a0\u00bb]INFORMATIONS L\u00c9GALES Le pr\u00e9sent site est \u00e9dit\u00e9 par Visual Exchange Switzerland, association \u00e0 but non lucratif r\u00e9gie par le droit suisse (art. 60 et suivants du Code civil suisse), dont le si\u00e8ge est \u00e0 Gen\u00e8ve, Suisse, et reconnue d\u2019utilit\u00e9 publique. Si\u00e8ge : Visual Exchange Switzerland Avenue Alice et William Favre 38 1207&hellip;","og_url":"https:\/\/www.visualexchange.eu\/fr\/mentions-legales\/","og_site_name":"Visual Exchange","article_modified_time":"2026-02-26T23:12:40+00:00","twitter_misc":{"Dur\u00e9e de lecture estim\u00e9e":"2 minutes"},"schema":{"@context":"https:\/\/schema.org","@graph":[{"@type":"WebPage","@id":"https:\/\/www.visualexchange.eu\/fr\/mentions-legales\/","url":"https:\/\/www.visualexchange.eu\/fr\/mentions-legales\/","name":"Mentions l\u00e9gales","isPartOf":{"@id":"https:\/\/www.visualexchange.eu\/fr\/#website"},"datePublished":"2026-02-26T20:07:17+00:00","dateModified":"2026-02-26T23:12:40+00:00","breadcrumb":{"@id":"https:\/\/www.visualexchange.eu\/fr\/mentions-legales\/#breadcrumb"},"inLanguage":"fr-FR","potentialAction":[{"@type":"ReadAction","target":["https:\/\/www.visualexchange.eu\/fr\/mentions-legales\/"]}]},{"@type":"BreadcrumbList","@id":"https:\/\/www.visualexchange.eu\/fr\/mentions-legales\/#breadcrumb","itemListElement":[{"@type":"ListItem","position":1,"name":"Accueil","item":"https:\/\/www.visualexchange.eu\/fr\/"},{"@type":"ListItem","position":2,"name":"Mentions l\u00e9gales"}]},{"@type":"WebSite","@id":"https:\/\/www.visualexchange.eu\/fr\/#website","url":"https:\/\/www.visualexchange.eu\/fr\/","name":"Visual Exchange","description":"","potentialAction":[{"@type":"SearchAction","target":{"@type":"EntryPoint","urlTemplate":"https:\/\/www.visualexchange.eu\/fr\/?s={search_term_string}"},"query-input":{"@type":"PropertyValueSpecification","valueRequired":true,"valueName":"search_term_string"}}],"inLanguage":"fr-FR"}]}},"_links":{"self":[{"href":"https:\/\/www.visualexchange.eu\/fr\/wp-json\/wp\/v2\/pages\/20004","targetHints":{"allow":["GET"]}}],"collection":[{"href":"https:\/\/www.visualexchange.eu\/fr\/wp-json\/wp\/v2\/pages"}],"about":[{"href":"https:\/\/www.visualexchange.eu\/fr\/wp-json\/wp\/v2\/types\/page"}],"author":[{"embeddable":true,"href":"https:\/\/www.visualexchange.eu\/fr\/wp-json\/wp\/v2\/users\/4"}],"replies":[{"embeddable":true,"href":"https:\/\/www.visualexchange.eu\/fr\/wp-json\/wp\/v2\/comments?post=20004"}],"version-history":[{"count":7,"href":"https:\/\/www.visualexchange.eu\/fr\/wp-json\/wp\/v2\/pages\/20004\/revisions"}],"predecessor-version":[{"id":20032,"href":"https:\/\/www.visualexchange.eu\/fr\/wp-json\/wp\/v2\/pages\/20004\/revisions\/20032"}],"wp:attachment":[{"href":"https:\/\/www.visualexchange.eu\/fr\/wp-json\/wp\/v2\/media?parent=20004"}],"curies":[{"name":"wp","href":"https:\/\/api.w.org\/{rel}","templated":true}]}}