{"id":20012,"date":"2026-02-26T22:02:35","date_gmt":"2026-02-26T21:02:35","guid":{"rendered":"https:\/\/www.visualexchange.eu\/privacy-policy\/"},"modified":"2026-02-26T22:11:15","modified_gmt":"2026-02-26T21:11:15","slug":"politique-de-confidentialite","status":"publish","type":"page","link":"https:\/\/www.visualexchange.eu\/fr\/politique-de-confidentialite\/","title":{"rendered":"Politique de confidentialit\u00e9"},"content":{"rendered":"<div class=\"wpb-content-wrapper\"><p>[vc_row][vc_column][vc_empty_space height=\u00a0\u00bb175px\u00a0\u00bb]<div id=\"ultimate-heading-698369de8cbc09c1e\" class=\"uvc-heading ult-adjust-bottom-margin ultimate-heading-698369de8cbc09c1e uvc-5207  uvc-heading-default-font-sizes\" data-hspacer=\"no_spacer\"  data-halign=\"left\" style=\"text-align:left\"><div class=\"uvc-heading-spacer no_spacer\" style=\"top\"><\/div><div class=\"uvc-main-heading ult-responsive\"  data-ultimate-target='.uvc-heading.ultimate-heading-698369de8cbc09c1e h1'  data-responsive-json-new='{\"font-size\":\"\",\"line-height\":\"\"}' ><h1 style=\"font-weight:300;color:#000000;\">Politique de confidentialit\u00e9<\/h1><\/div><\/div>[vc_empty_space height=\u00a0\u00bb75px\u00a0\u00bb][vc_column_text css=\u00a0\u00bb\u00a0\u00bb]Visual Exchange Switzerland accorde une grande importance \u00e0 la protection des donn\u00e9es personnelles et traite ces donn\u00e9es conform\u00e9ment \u00e0 la Loi f\u00e9d\u00e9rale suisse sur la protection des donn\u00e9es (LPD) ainsi qu\u2019au R\u00e8glement g\u00e9n\u00e9ral europ\u00e9en sur la protection des donn\u00e9es (RGPD).<\/p>\n<p>Vous pouvez visiter notre site <a href=\"http:\/\/www.visualexchange.eu\">www.visualexchange.eu<\/a> sans fournir de donn\u00e9es personnelles. Des donn\u00e9es personnelles ne sont collect\u00e9es que lorsque vous nous contactez volontairement par email ou via un formulaire de contact. Dans ce cas, les informations fournies (telles que votre nom, votre adresse email et le contenu de votre message) sont utilis\u00e9es uniquement pour r\u00e9pondre \u00e0 votre demande ou pour communiquer avec vous.<\/p>\n<p>Les donn\u00e9es personnelles ne sont ni vendues, ni partag\u00e9es \u00e0 des fins commerciales, ni utilis\u00e9es \u00e0 des fins de profilage. Elles sont trait\u00e9es exclusivement dans le cadre de nos activit\u00e9s et communications.<\/p>\n<p>Le site est h\u00e9berg\u00e9 par un prestataire tiers et utilise des outils techniques afin d\u2019assurer son bon fonctionnement, ses performances et sa s\u00e9curit\u00e9. En particulier, nous utilisons des extensions tierces pour l\u2019optimisation des performances et la s\u00e9curit\u00e9 du site. Ces outils peuvent traiter des donn\u00e9es techniques (telles que les adresses IP) afin de garantir le fonctionnement s\u00e9curis\u00e9 et fiable du site. En visitant et\/ou en utilisant notre site, vous acceptez n\u00e9cessairement cet usage technique essentiel des donn\u00e9es.<\/p>\n<p>Les donn\u00e9es personnelles sont conserv\u00e9es uniquement pendant la dur\u00e9e n\u00e9cessaire \u00e0 la r\u00e9alisation des finalit\u00e9s pour lesquelles elles ont \u00e9t\u00e9 collect\u00e9es ou afin de respecter des obligations l\u00e9gales.<\/p>\n<p>Vous avez le droit de demander l\u2019acc\u00e8s \u00e0 vos donn\u00e9es personnelles, leur rectification ou leur suppression, ainsi que de vous opposer \u00e0 leur traitement lorsque cela est applicable. Les demandes peuvent \u00eatre adress\u00e9es \u00e0 : <a href=\"mailto:contact@visualexchange.eu\">contact@visualexchange.eu<\/a><\/p>\n<p>Ce site utilise des cookies essentiels et li\u00e9s aux performances, n\u00e9cessaires \u00e0 son fonctionnement. En continuant \u00e0 utiliser ce site, vous acceptez l\u2019utilisation de ces cookies. Vous pouvez d\u00e9sactiver les cookies dans les param\u00e8tres de votre navigateur ; toutefois, certaines fonctionnalit\u00e9s du site pourraient alors \u00eatre limit\u00e9es.<\/p>\n<p>La pr\u00e9sente Politique de confidentialit\u00e9 peut \u00eatre mise \u00e0 jour p\u00e9riodiquement.[\/vc_column_text][\/vc_column][\/vc_row]<\/p>\n<\/div>","protected":false},"excerpt":{"rendered":"<p>[vc_row][vc_column][vc_empty_space height=\u00a0\u00bb175px\u00a0\u00bb][vc_empty_space height=\u00a0\u00bb75px\u00a0\u00bb][vc_column_text css=\u00a0\u00bb\u00a0\u00bb]Visual Exchange Switzerland accorde une grande importance \u00e0 la protection des donn\u00e9es personnelles et traite ces donn\u00e9es conform\u00e9ment \u00e0 la Loi f\u00e9d\u00e9rale suisse sur la protection des donn\u00e9es (LPD) ainsi qu\u2019au R\u00e8glement g\u00e9n\u00e9ral europ\u00e9en sur la protection des donn\u00e9es (RGPD). Vous pouvez visiter notre site www.visualexchange.eu sans fournir de donn\u00e9es personnelles. Des&hellip;<\/p>\n","protected":false},"author":4,"featured_media":0,"parent":0,"menu_order":0,"comment_status":"closed","ping_status":"closed","template":"","meta":{"_acf_changed":false,"footnotes":""},"class_list":["post-20012","page","type-page","status-publish","hentry","description-off"],"acf":[],"yoast_head":"<!-- This site is optimized with the Yoast SEO plugin v27.4 - https:\/\/yoast.com\/product\/yoast-seo-wordpress\/ -->\n<title>Politique de confidentialit\u00e9<\/title>\n<meta name=\"robots\" content=\"noindex, follow\" \/>\n<meta property=\"og:locale\" content=\"fr_FR\" \/>\n<meta property=\"og:type\" content=\"article\" \/>\n<meta property=\"og:title\" content=\"Politique de confidentialit\u00e9\" \/>\n<meta property=\"og:description\" content=\"[vc_row][vc_column][vc_empty_space height=\u00a0\u00bb175px\u00a0\u00bb][vc_empty_space height=\u00a0\u00bb75px\u00a0\u00bb][vc_column_text css=\u00a0\u00bb\u00a0\u00bb]Visual Exchange Switzerland accorde une grande importance \u00e0 la protection des donn\u00e9es personnelles et traite ces donn\u00e9es conform\u00e9ment \u00e0 la Loi f\u00e9d\u00e9rale suisse sur la protection des donn\u00e9es (LPD) ainsi qu\u2019au R\u00e8glement g\u00e9n\u00e9ral europ\u00e9en sur la protection des donn\u00e9es (RGPD). Vous pouvez visiter notre site www.visualexchange.eu sans fournir de donn\u00e9es personnelles. Des&hellip;\" \/>\n<meta property=\"og:url\" content=\"https:\/\/www.visualexchange.eu\/fr\/politique-de-confidentialite\/\" \/>\n<meta property=\"og:site_name\" content=\"Visual Exchange\" \/>\n<meta property=\"article:modified_time\" content=\"2026-02-26T21:11:15+00:00\" \/>\n<meta name=\"twitter:label1\" content=\"Dur\u00e9e de lecture estim\u00e9e\" \/>\n\t<meta name=\"twitter:data1\" content=\"2 minutes\" \/>\n<script type=\"application\/ld+json\" class=\"yoast-schema-graph\">{\"@context\":\"https:\\\/\\\/schema.org\",\"@graph\":[{\"@type\":\"WebPage\",\"@id\":\"https:\\\/\\\/www.visualexchange.eu\\\/fr\\\/politique-de-confidentialite\\\/\",\"url\":\"https:\\\/\\\/www.visualexchange.eu\\\/fr\\\/politique-de-confidentialite\\\/\",\"name\":\"Politique de confidentialit\u00e9\",\"isPartOf\":{\"@id\":\"https:\\\/\\\/www.visualexchange.eu\\\/fr\\\/#website\"},\"datePublished\":\"2026-02-26T21:02:35+00:00\",\"dateModified\":\"2026-02-26T21:11:15+00:00\",\"breadcrumb\":{\"@id\":\"https:\\\/\\\/www.visualexchange.eu\\\/fr\\\/politique-de-confidentialite\\\/#breadcrumb\"},\"inLanguage\":\"fr-FR\",\"potentialAction\":[{\"@type\":\"ReadAction\",\"target\":[\"https:\\\/\\\/www.visualexchange.eu\\\/fr\\\/politique-de-confidentialite\\\/\"]}]},{\"@type\":\"BreadcrumbList\",\"@id\":\"https:\\\/\\\/www.visualexchange.eu\\\/fr\\\/politique-de-confidentialite\\\/#breadcrumb\",\"itemListElement\":[{\"@type\":\"ListItem\",\"position\":1,\"name\":\"Accueil\",\"item\":\"https:\\\/\\\/www.visualexchange.eu\\\/fr\\\/\"},{\"@type\":\"ListItem\",\"position\":2,\"name\":\"Politique de confidentialit\u00e9\"}]},{\"@type\":\"WebSite\",\"@id\":\"https:\\\/\\\/www.visualexchange.eu\\\/fr\\\/#website\",\"url\":\"https:\\\/\\\/www.visualexchange.eu\\\/fr\\\/\",\"name\":\"Visual Exchange\",\"description\":\"\",\"potentialAction\":[{\"@type\":\"SearchAction\",\"target\":{\"@type\":\"EntryPoint\",\"urlTemplate\":\"https:\\\/\\\/www.visualexchange.eu\\\/fr\\\/?s={search_term_string}\"},\"query-input\":{\"@type\":\"PropertyValueSpecification\",\"valueRequired\":true,\"valueName\":\"search_term_string\"}}],\"inLanguage\":\"fr-FR\"}]}<\/script>\n<!-- \/ Yoast SEO plugin. -->","yoast_head_json":{"title":"Politique de confidentialit\u00e9","robots":{"index":"noindex","follow":"follow"},"og_locale":"fr_FR","og_type":"article","og_title":"Politique de confidentialit\u00e9","og_description":"[vc_row][vc_column][vc_empty_space height=\u00a0\u00bb175px\u00a0\u00bb][vc_empty_space height=\u00a0\u00bb75px\u00a0\u00bb][vc_column_text css=\u00a0\u00bb\u00a0\u00bb]Visual Exchange Switzerland accorde une grande importance \u00e0 la protection des donn\u00e9es personnelles et traite ces donn\u00e9es conform\u00e9ment \u00e0 la Loi f\u00e9d\u00e9rale suisse sur la protection des donn\u00e9es (LPD) ainsi qu\u2019au R\u00e8glement g\u00e9n\u00e9ral europ\u00e9en sur la protection des donn\u00e9es (RGPD). Vous pouvez visiter notre site www.visualexchange.eu sans fournir de donn\u00e9es personnelles. Des&hellip;","og_url":"https:\/\/www.visualexchange.eu\/fr\/politique-de-confidentialite\/","og_site_name":"Visual Exchange","article_modified_time":"2026-02-26T21:11:15+00:00","twitter_misc":{"Dur\u00e9e de lecture estim\u00e9e":"2 minutes"},"schema":{"@context":"https:\/\/schema.org","@graph":[{"@type":"WebPage","@id":"https:\/\/www.visualexchange.eu\/fr\/politique-de-confidentialite\/","url":"https:\/\/www.visualexchange.eu\/fr\/politique-de-confidentialite\/","name":"Politique de confidentialit\u00e9","isPartOf":{"@id":"https:\/\/www.visualexchange.eu\/fr\/#website"},"datePublished":"2026-02-26T21:02:35+00:00","dateModified":"2026-02-26T21:11:15+00:00","breadcrumb":{"@id":"https:\/\/www.visualexchange.eu\/fr\/politique-de-confidentialite\/#breadcrumb"},"inLanguage":"fr-FR","potentialAction":[{"@type":"ReadAction","target":["https:\/\/www.visualexchange.eu\/fr\/politique-de-confidentialite\/"]}]},{"@type":"BreadcrumbList","@id":"https:\/\/www.visualexchange.eu\/fr\/politique-de-confidentialite\/#breadcrumb","itemListElement":[{"@type":"ListItem","position":1,"name":"Accueil","item":"https:\/\/www.visualexchange.eu\/fr\/"},{"@type":"ListItem","position":2,"name":"Politique de confidentialit\u00e9"}]},{"@type":"WebSite","@id":"https:\/\/www.visualexchange.eu\/fr\/#website","url":"https:\/\/www.visualexchange.eu\/fr\/","name":"Visual Exchange","description":"","potentialAction":[{"@type":"SearchAction","target":{"@type":"EntryPoint","urlTemplate":"https:\/\/www.visualexchange.eu\/fr\/?s={search_term_string}"},"query-input":{"@type":"PropertyValueSpecification","valueRequired":true,"valueName":"search_term_string"}}],"inLanguage":"fr-FR"}]}},"_links":{"self":[{"href":"https:\/\/www.visualexchange.eu\/fr\/wp-json\/wp\/v2\/pages\/20012","targetHints":{"allow":["GET"]}}],"collection":[{"href":"https:\/\/www.visualexchange.eu\/fr\/wp-json\/wp\/v2\/pages"}],"about":[{"href":"https:\/\/www.visualexchange.eu\/fr\/wp-json\/wp\/v2\/types\/page"}],"author":[{"embeddable":true,"href":"https:\/\/www.visualexchange.eu\/fr\/wp-json\/wp\/v2\/users\/4"}],"replies":[{"embeddable":true,"href":"https:\/\/www.visualexchange.eu\/fr\/wp-json\/wp\/v2\/comments?post=20012"}],"version-history":[{"count":2,"href":"https:\/\/www.visualexchange.eu\/fr\/wp-json\/wp\/v2\/pages\/20012\/revisions"}],"predecessor-version":[{"id":20014,"href":"https:\/\/www.visualexchange.eu\/fr\/wp-json\/wp\/v2\/pages\/20012\/revisions\/20014"}],"wp:attachment":[{"href":"https:\/\/www.visualexchange.eu\/fr\/wp-json\/wp\/v2\/media?parent=20012"}],"curies":[{"name":"wp","href":"https:\/\/api.w.org\/{rel}","templated":true}]}}